{"id":84,"date":"2024-07-06T05:50:04","date_gmt":"2024-07-06T05:50:04","guid":{"rendered":"https:\/\/bw.brandan.ch\/?page_id=84"},"modified":"2026-02-21T06:48:34","modified_gmt":"2026-02-21T06:48:34","slug":"schulungen","status":"publish","type":"page","link":"https:\/\/bw.brandan.ch\/?page_id=84","title":{"rendered":"schulungen"},"content":{"rendered":"<h1 style=\"text-align: center;\"><img loading=\"lazy\" decoding=\"async\" class=\"alignleft\" src=\"https:\/\/brandan.ch\/bmh\/slider\/slider_2.png\" width=\"156\" height=\"97\" \/>Schulungen \/ Workshops<\/h1>\n<p>&nbsp;<\/p>\n<p>&nbsp;<\/p>\n<h4><\/h4>\n<h4>Coaching Workshops<\/h4>\n<p>&nbsp;<\/p>\n<p>Verschiedene Workshops helfen, alte Muster zu durchbrechen und neue Haltungen zu erm\u00f6glichen. Dabei werden das Bewusstsein und die Empathie f\u00fcr das Gegen\u00fcber, Gruppen oder das Umeld erweitert. Daraus k\u00f6nnen neue Wege f\u00fcr ein optimales Arbeitsklima entstehen.<\/p>\n<p>&nbsp;<\/p>\n<h4>Rechnungswesen<\/h4>\n<p>&nbsp;<\/p>\n<p>Manchmal ist es nicht einfach, die Zahlen aus dem Rechnungswesen zu verstehen und zu interpretiren.In individuellen Schulungen helfe ich Dir, das Rechnungswesen und die Zahlen daraus zu verstehen. Diese Schulungen k\u00f6nnen verschiedensten individuellen Bed\u00fcrfnissen und Wissensstufen angepasst werden. Zum Beipiel f\u00fcr Lehrlinge, f\u00fcr Handwwerker, als Nachhilfe in fachlichen Weiterbildungen oder vielem mehr.<\/p>\n<p>&nbsp;<\/p>\n<h4>Excel<\/h4>\n<p>&nbsp;<\/p>\n<p>Mit einfachen Formeln, die in der Grundschule erkl\u00e4rt werden, lassen sich grosse und transparente Tabellen erstellen. Ich erkl\u00e4re Dir Grundlagen und den Aufbau von Excel. Besonderes Auigenmerkt lege ich dabei auf die Kreativit\u00e4t oder Ideenfindung, die die Anwendung von Excel wesentlich verbreitert.<\/p>\n<p>&nbsp;<\/p>\n<h4>Access<\/h4>\n<p>&nbsp;<\/p>\n<p>Access ist ein gutes Hiklfsmittel, wenn viele Daten verarbeitet werden m\u00fcssen.\u00a0Mit verschiedensten einfachen M\u00f6glichkeiten k\u00f6nnen f\u00fcr komplexe Abl\u00e4ufe\u00a0 nach individuellen Bed\u00fcrfnissen Programme erstellt werden (z.B. eine Buchhaltung, kombiniert mit Sitzungsprotokollen oder Lieferkontrollen, Reportings nach individullen Kriterien). Ich kann Dir die Grundlagen, den Aufbau oder die Grundlagen von VBA erkl\u00e4ren und die Kreativit\u00e4t f\u00fcr die M\u00f6glichkeiten anregen.<\/p>\n<p>&nbsp;<\/p>\n<p>&nbsp;<\/p>\n<p>Die Schulungen k\u00f6nnen individuell, als Workshops, \u00fcber eine festgelegte Dauer oder in einem bestimmten Rhythmus stattfinden.<\/p>\n<p>&nbsp;<\/p>\n","protected":false},"excerpt":{"rendered":"<p>Schulungen \/ Workshops &nbsp; &nbsp; Coaching Workshops &nbsp; Verschiedene Workshops helfen, alte Muster zu durchbrechen und neue Haltungen zu erm\u00f6glichen. Dabei werden das Bewusstsein und die Empathie f\u00fcr das Gegen\u00fcber, Gruppen oder das Umeld erweitert. Daraus k\u00f6nnen neue Wege f\u00fcr ein optimales Arbeitsklima entstehen. &nbsp; Rechnungswesen &nbsp; Manchmal ist es&#8230;<\/p>\n<p class=\"continue-reading-button\"> <a class=\"continue-reading-link\" href=\"https:\/\/bw.brandan.ch\/?page_id=84\">Weiter lesen<i class=\"crycon-right-dir\"><\/i><\/a><\/p>\n","protected":false},"author":1,"featured_media":0,"parent":0,"menu_order":0,"comment_status":"closed","ping_status":"closed","template":"","meta":{"footnotes":""},"class_list":["post-84","page","type-page","status-publish","hentry"],"_links":{"self":[{"href":"https:\/\/bw.brandan.ch\/index.php?rest_route=\/wp\/v2\/pages\/84","targetHints":{"allow":["GET"]}}],"collection":[{"href":"https:\/\/bw.brandan.ch\/index.php?rest_route=\/wp\/v2\/pages"}],"about":[{"href":"https:\/\/bw.brandan.ch\/index.php?rest_route=\/wp\/v2\/types\/page"}],"author":[{"embeddable":true,"href":"https:\/\/bw.brandan.ch\/index.php?rest_route=\/wp\/v2\/users\/1"}],"replies":[{"embeddable":true,"href":"https:\/\/bw.brandan.ch\/index.php?rest_route=%2Fwp%2Fv2%2Fcomments&post=84"}],"version-history":[{"count":20,"href":"https:\/\/bw.brandan.ch\/index.php?rest_route=\/wp\/v2\/pages\/84\/revisions"}],"predecessor-version":[{"id":236,"href":"https:\/\/bw.brandan.ch\/index.php?rest_route=\/wp\/v2\/pages\/84\/revisions\/236"}],"wp:attachment":[{"href":"https:\/\/bw.brandan.ch\/index.php?rest_route=%2Fwp%2Fv2%2Fmedia&parent=84"}],"curies":[{"name":"wp","href":"https:\/\/api.w.org\/{rel}","templated":true}]}}