{"id":72,"date":"2024-07-06T05:10:11","date_gmt":"2024-07-06T05:10:11","guid":{"rendered":"https:\/\/bw.brandan.ch\/?page_id=72"},"modified":"2026-04-09T07:01:40","modified_gmt":"2026-04-09T07:01:40","slug":"feng-shui","status":"publish","type":"page","link":"https:\/\/bw.brandan.ch\/?page_id=72","title":{"rendered":"feng shui"},"content":{"rendered":"<h2 style=\"text-align: center;\"><img loading=\"lazy\" decoding=\"async\" class=\"alignleft\" src=\"https:\/\/brandan.ch\/bmh\/slider\/slider_fs.png\" width=\"199\" height=\"123\" \/>Dein Arbeitsplatz \u2013 Dein Kraftplatz<\/h2>\n<h2 style=\"text-align: center;\">Feng Shui \u2013 Entfaltung der inneren Kraft in R\u00e4umen<\/h2>\n<p>&nbsp;<\/p>\n<h4>R\u00e4ume beeinflussen Menschen<\/h4>\n<p>Feng Shui ist die Jahrtausende alte Lehre \u00fcber Energiefl\u00fcsse in R\u00e4umen und Natur und deren Einfl\u00fcsse auf die Menschen. Optimale Energiefl\u00fcsse sind eine Unterst\u00fctzung f\u00fcr die pers\u00f6nliche T\u00e4tigkeit, Gesundheit und Entwicklung. Sie schaffen einen energetischen Rahmen, der die Menschen in ihrem Sein und ihren T\u00e4tigkeiten unterst\u00fctzt. Das Ziel von Feng Shui ist, in R\u00e4umen einen Kraftplatz zu schaffen, an dem Du dich und alle Mitarbeiter sich wohl f\u00fchlen und in ihrem sein und ihrer T\u00e4tigkeit unterst\u00fctzt werden.<\/p>\n<p>&nbsp;<\/p>\n<h4>Warum Feng Shui<\/h4>\n<p>Wo kaufe ich ein oder lasse mich beraten ? In R\u00e4umen, in denen ich mich wohl f\u00fchle.<\/p>\n<p>In einem Raum, der dr\u00fcckend wirkt, ist es schwierig, sich wohl zu f\u00fchlen. Mitarbeiter und Kunden sp\u00fcren das. Daraus k\u00f6nnen Reibungsverluste zwischen Mitarbeitern entstehen oder die Kunden verlieren Kaufabsichten.<\/p>\n<p>&nbsp;<\/p>\n<p>Feng Shui hilft, die unterst\u00fctzende Ausstrahlung von R\u00e4umen zu optimieren, so dass man sich in den R\u00e4ume wohl f\u00fchlt. Dadurch kann die Zusammenarbeit gef\u00f6dert werden und Kunden f\u00fchlen sich wohler.<\/p>\n<h4><\/h4>\n<p>Energetisches Feng Shui ist eine mit der Akupunktur vergleichbare Methode um die Energiefl\u00fcsse im Umfeld \u00a0zu kl\u00e4ren, zu aktivieren, zu optimieren und in eine harmonisches Ganzes zu bringen. Dadurch sind keinerlei Ver\u00e4nderungen der Einrichtung oder andere Ver\u00e4nderungen n\u00f6tig, so dass die Zweckm\u00e4ssigkeit und der individuelle Stil bewahrt bleibt.<\/p>\n<p>&nbsp;<\/p>\n<h4><\/h4>\n<h4>Beispiele<\/h4>\n<p>Internet Cafe: Nach dem Feng Shui haben sich die Verweildauern von einem Tag auf den andern um 30 % erh\u00f6ht, ohne dass etwas ver\u00e4ndert wurde.<\/p>\n<p>Treuhand: Der Zulauf von Klienten ist stark angestiegen.<\/p>\n<p>&nbsp;<\/p>\n<p>&nbsp;<\/p>\n<p><a href=\"https:\/\/fs.brandan.ch\" target=\"_blank\" rel=\"noopener\">Mehr zu Feng Shui erf\u00e4hrst Du hier.\u00a0<\/a><\/p>\n","protected":false},"excerpt":{"rendered":"<p>Dein Arbeitsplatz \u2013 Dein Kraftplatz Feng Shui \u2013 Entfaltung der inneren Kraft in R\u00e4umen &nbsp; R\u00e4ume beeinflussen Menschen Feng Shui ist die Jahrtausende alte Lehre \u00fcber Energiefl\u00fcsse in R\u00e4umen und Natur und deren Einfl\u00fcsse auf die Menschen. Optimale Energiefl\u00fcsse sind eine Unterst\u00fctzung f\u00fcr die pers\u00f6nliche T\u00e4tigkeit, Gesundheit und Entwicklung. Sie&#8230;<\/p>\n<p class=\"continue-reading-button\"> <a class=\"continue-reading-link\" href=\"https:\/\/bw.brandan.ch\/?page_id=72\">Weiter lesen<i class=\"crycon-right-dir\"><\/i><\/a><\/p>\n","protected":false},"author":1,"featured_media":0,"parent":0,"menu_order":0,"comment_status":"closed","ping_status":"closed","template":"","meta":{"footnotes":""},"class_list":["post-72","page","type-page","status-publish","hentry"],"_links":{"self":[{"href":"https:\/\/bw.brandan.ch\/index.php?rest_route=\/wp\/v2\/pages\/72","targetHints":{"allow":["GET"]}}],"collection":[{"href":"https:\/\/bw.brandan.ch\/index.php?rest_route=\/wp\/v2\/pages"}],"about":[{"href":"https:\/\/bw.brandan.ch\/index.php?rest_route=\/wp\/v2\/types\/page"}],"author":[{"embeddable":true,"href":"https:\/\/bw.brandan.ch\/index.php?rest_route=\/wp\/v2\/users\/1"}],"replies":[{"embeddable":true,"href":"https:\/\/bw.brandan.ch\/index.php?rest_route=%2Fwp%2Fv2%2Fcomments&post=72"}],"version-history":[{"count":9,"href":"https:\/\/bw.brandan.ch\/index.php?rest_route=\/wp\/v2\/pages\/72\/revisions"}],"predecessor-version":[{"id":253,"href":"https:\/\/bw.brandan.ch\/index.php?rest_route=\/wp\/v2\/pages\/72\/revisions\/253"}],"wp:attachment":[{"href":"https:\/\/bw.brandan.ch\/index.php?rest_route=%2Fwp%2Fv2%2Fmedia&parent=72"}],"curies":[{"name":"wp","href":"https:\/\/api.w.org\/{rel}","templated":true}]}}