{"id":64,"date":"2024-07-06T04:48:44","date_gmt":"2024-07-06T04:48:44","guid":{"rendered":"https:\/\/bw.brandan.ch\/?page_id=64"},"modified":"2025-08-24T05:02:54","modified_gmt":"2025-08-24T05:02:54","slug":"startseite","status":"publish","type":"page","link":"https:\/\/bw.brandan.ch\/","title":{"rendered":"startseite"},"content":{"rendered":"<div id=\"front-text1\">\n<h2 style=\"text-align: center;\">Herzlich Willkommen<br \/>\nGanzheitliche Betriebswirtschaft<\/h2>\n<\/div>\n<p>&#8222;Die einzige Konstante ist die Ver\u00e4nderung&#8220; schrieb schon Heraklit.<\/p>\n<p>&nbsp;<\/p>\n<p>Viele Einfl\u00fcsse pr\u00e4gen den Lauf einer Unternehmung. Neben den harten Faktoren spielen die weichen Faktoren eine immer gr\u00f6ssere Rolle. Das Arbeitsklima oder die Auisstrahlung der R\u00e4ume sind genau so pr\u00e4gend f\u00fcr den Lauf einer Unternehmung wie die harten Faktoren.<\/p>\n<p>&nbsp;<\/p>\n<p>In der Kombination helfen verschiedene M\u00f6glichkeiten, eine Br\u00fccke zwischen betriebswirtschaftlichen und weichen Faktoren zu schlagen und sie zu optimieren.<\/p>\n<p>&nbsp;<\/p>\n<div><div id=\"flipbox-widget-189\" class=\"cfb_wrapper layout-4 flex-row\" data-flipboxid=\"flipbox-widget-189\" data-bootstrap-status=\"enable\" data-fontawesome-icons=\"enable\"><div class=\"flex-col-md-3 cfb-box-1 cfb-box-wrapper\">\n                                <div class=\"flipbox-container cfb-layout-4 cfb-flip cfb-click\" data-effect=\"x\" data-height=\"default\">\n                                  <div class=\"flipbox-front-layout cfb-data\">\n                                    <div class=\"flipbox-image-content\">\n                                      <div class=\"flipbox-image-top\"><img decoding=\"async\" src=\"https:\/\/bw.brandan.ch\/wp-content\/uploads\/2025\/08\/slider_5.png\" alt=\"\" \/><\/div>\n                                      <div class=\"flipbox-img-content\">\n                                        <h5 style=\"color:#27960f\">Coaching<\/h5>\n                                      <\/div>\n                                    <\/div>\n                                    <\/div>\n                                  <div class=\"flipbox-back-layout cfb-data\" style=\"background-color:#27960f\">\n                                    <p>Das Coaching unterst\u00fctzt dabei, alte Muster und Spannungen los zu lassen und neue innere Wege zu \u00f6ffnen.<\/p><a target=\"_self\" href=\"https:\/\/bw.brandan.ch\/?page_id=25\"  class=\"back-layout-btn\" style=\"color:#27960f\">Mehr erfahren<\/a><\/div>\n                                <\/div>\n                              <\/div><div class=\"flex-col-md-3 cfb-box-2 cfb-box-wrapper\">\n                                <div class=\"flipbox-container cfb-layout-4 cfb-flip cfb-click\" data-effect=\"x\" data-height=\"default\">\n                                  <div class=\"flipbox-front-layout cfb-data\">\n                                    <div class=\"flipbox-image-content\">\n                                      <div class=\"flipbox-image-top\"><img decoding=\"async\" src=\"https:\/\/bw.brandan.ch\/wp-content\/uploads\/2025\/08\/slider_4.png\" alt=\"\" \/><\/div>\n                                      <div class=\"flipbox-img-content\">\n                                        <h5 style=\"color:#1f11b2\">Rechnungswesen<\/h5>\n                                      <\/div>\n                                    <\/div>\n                                    <\/div>\n                                  <div class=\"flipbox-back-layout cfb-data\" style=\"background-color:#1f11b2\">\n                                    <p>Das Rechnungswesen und das Controlling zu optimieren und aussagef\u00f6hig aufzubauen.<\/p><a target=\"_self\" href=\"https:\/\/bw.brandan.ch\/?page_id=22\"  class=\"back-layout-btn\" style=\"color:#1f11b2\">Mehr erfahren<\/a><\/div>\n                                <\/div>\n                              <\/div><div class=\"flex-col-md-3 cfb-box-3 cfb-box-wrapper\">\n                                <div class=\"flipbox-container cfb-layout-4 cfb-flip cfb-click\" data-effect=\"x\" data-height=\"default\">\n                                  <div class=\"flipbox-front-layout cfb-data\">\n                                    <div class=\"flipbox-image-content\">\n                                      <div class=\"flipbox-image-top\"><img decoding=\"async\" src=\"https:\/\/bw.brandan.ch\/wp-content\/uploads\/2025\/08\/slider_fs.png\" alt=\"\" \/><\/div>\n                                      <div class=\"flipbox-img-content\">\n                                        <h5 style=\"color:#a01045\">Feng Shui \/ Raum-Akupunktur<\/h5>\n                                      <\/div>\n                                    <\/div>\n                                    <\/div>\n                                  <div class=\"flipbox-back-layout cfb-data\" style=\"background-color:#a01045\">\n                                    <p>Raum-Akupunktur Feng Shui hilft dabei, das Wohlf\u00fchlen in R\u00e4umen zu verbessern und die weichen Faktoren, die von R\u00e4umen beeinflusst werden, zu optimieren.<\/p><a target=\"_self\" href=\"https:\/\/bw.brandan.ch\/?page_id=72\"  class=\"back-layout-btn\" style=\"color:#a01045\">Mehr erfahren<\/a><\/div>\n                                <\/div>\n                              <\/div><div class=\"flex-col-md-3 cfb-box-4 cfb-box-wrapper\">\n                                <div class=\"flipbox-container cfb-layout-4 cfb-flip cfb-click\" data-effect=\"x\" data-height=\"default\">\n                                  <div class=\"flipbox-front-layout cfb-data\">\n                                    <div class=\"flipbox-image-content\">\n                                      <div class=\"flipbox-image-top\"><img decoding=\"async\" src=\"https:\/\/bw.brandan.ch\/wp-content\/uploads\/2025\/08\/slider_2.png\" alt=\"\" \/><\/div>\n                                      <div class=\"flipbox-img-content\">\n                                        <h5 style=\"color:#e24e04\">Schulungen<\/h5>\n                                      <\/div>\n                                    <\/div>\n                                    <\/div>\n                                  <div class=\"flipbox-back-layout cfb-data\" style=\"background-color:#e24e04\">\n                                    <p>Schulungen zu den relevatnen Themen im Rechnungswesen, Excel und Access<\/p><a target=\"_self\" href=\"https:\/\/bw.brandan.ch\/?page_id=84\"  class=\"back-layout-btn\" style=\"color:#e24e04\">Mehr erfahren<\/a><\/div>\n                                <\/div>\n                              <\/div><\/div><\/div>\n<div><\/div>\n<div><\/div>\n<div><\/div>\n<div>Hast Du Fragen ? <a href=\"https:\/\/bw.brandan.ch\/?page_id=200\">Melde Dich einfach.<\/a> Alle meine Dienstleisstungen sind selbstverst\u00e4ndlioch auch einzeln verf\u00fcgbar.<\/div>\n","protected":false},"excerpt":{"rendered":"<p>Herzlich Willkommen Ganzheitliche Betriebswirtschaft &#8222;Die einzige Konstante ist die Ver\u00e4nderung&#8220; schrieb schon Heraklit. &nbsp; Viele Einfl\u00fcsse pr\u00e4gen den Lauf einer Unternehmung. Neben den harten Faktoren spielen die weichen Faktoren eine immer gr\u00f6ssere Rolle. Das Arbeitsklima oder die Auisstrahlung der R\u00e4ume sind genau so pr\u00e4gend f\u00fcr den Lauf einer Unternehmung wie&#8230;<\/p>\n<p class=\"continue-reading-button\"> <a class=\"continue-reading-link\" href=\"https:\/\/bw.brandan.ch\/\">Weiter lesen<i class=\"crycon-right-dir\"><\/i><\/a><\/p>\n","protected":false},"author":1,"featured_media":0,"parent":0,"menu_order":0,"comment_status":"closed","ping_status":"closed","template":"","meta":{"footnotes":""},"class_list":["post-64","page","type-page","status-publish","hentry"],"_links":{"self":[{"href":"https:\/\/bw.brandan.ch\/index.php?rest_route=\/wp\/v2\/pages\/64","targetHints":{"allow":["GET"]}}],"collection":[{"href":"https:\/\/bw.brandan.ch\/index.php?rest_route=\/wp\/v2\/pages"}],"about":[{"href":"https:\/\/bw.brandan.ch\/index.php?rest_route=\/wp\/v2\/types\/page"}],"author":[{"embeddable":true,"href":"https:\/\/bw.brandan.ch\/index.php?rest_route=\/wp\/v2\/users\/1"}],"replies":[{"embeddable":true,"href":"https:\/\/bw.brandan.ch\/index.php?rest_route=%2Fwp%2Fv2%2Fcomments&post=64"}],"version-history":[{"count":29,"href":"https:\/\/bw.brandan.ch\/index.php?rest_route=\/wp\/v2\/pages\/64\/revisions"}],"predecessor-version":[{"id":209,"href":"https:\/\/bw.brandan.ch\/index.php?rest_route=\/wp\/v2\/pages\/64\/revisions\/209"}],"wp:attachment":[{"href":"https:\/\/bw.brandan.ch\/index.php?rest_route=%2Fwp%2Fv2%2Fmedia&parent=64"}],"curies":[{"name":"wp","href":"https:\/\/api.w.org\/{rel}","templated":true}]}}