{"id":25,"date":"2024-01-21T08:32:17","date_gmt":"2024-01-21T08:32:17","guid":{"rendered":"https:\/\/bw.brandan.ch\/?page_id=25"},"modified":"2026-03-18T05:47:46","modified_gmt":"2026-03-18T05:47:46","slug":"coaching","status":"publish","type":"page","link":"https:\/\/bw.brandan.ch\/?page_id=25","title":{"rendered":"coaching"},"content":{"rendered":"<h1 style=\"text-align: center;\"><img loading=\"lazy\" decoding=\"async\" class=\"alignleft\" src=\"https:\/\/brandan.ch\/logos\/logo_coaches.png\" width=\"88\" height=\"88\" \/> Coaching &#8211; Das Herz in der Wirtschaft<\/h1>\n<p>&nbsp;<\/p>\n<p>&nbsp;<\/p>\n<p>Oft ist es schwierig, im L\u00e4rm und der Hetze des Alltags die innere Stimme im Herzen wahrzunehmen. Oft reagiert man automatisch und diese Automatismen bewirken oft, dass die innere Stimme im Herzen zu kurz kommt.<\/p>\n<p>&nbsp;<\/p>\n<h4>Die innere Stimme im Herzen<\/h4>\n<p>&nbsp;<\/p>\n<p>hilft Dir, Menschen und Menschengruppen individueller und umfassender zu erfassen. Die Empathie und die F\u00fchrungsst\u00e4rke wird auf nat\u00fcrliche Art und Weise belebt und gest\u00e4rkt. Sie schafft Vertrauen und f\u00f6rdert die Gemeinsamkeit, die sich im Miteinanders im Arbeitsklima auswirken kann.<\/p>\n<p>&nbsp;<\/p>\n<p>Mit meinen Coachings helfe ich Dir, die innere Stimme im Herzen zu beleben und zu st\u00e4rken, so dass neue innere Wege frei werden. Es hilft Dir dabei, die innere Weite und Freiheit zu vergr\u00f6ssern, so dass die Empathie f\u00fcr Menschen und Gruppen (z.B. Teams) verst\u00e4rkt wird.<\/p>\n<p>&nbsp;<\/p>\n<h5>Individuelles Coaching<\/h5>\n<p>&nbsp;<\/p>\n<p>Oft ist es schwierig aus alten, erlernten Mustsern auszusteigen. H\u00e4ufig sind sie unbewusst und bewirken Reaktionen, die nicht immer n\u00f6tig oder ad\u00e4quat sind.<\/p>\n<p>&nbsp;<\/p>\n<p>Im individuellen Coaching unterst\u00fctze ich Dich dabei, Deine Herzensst\u00e4rke zu erweitern. Dabei helfe ich Dir dabei, alte, oft auch unbewusste Muster zu l\u00f6sen, si dass Dein Herz mehr Raum bekommt. Aus diesem gr\u00f6sseren Raum kann eine nat\u00fcrliche Form der Empathie entstehen, die es erm\u00f6glicht, andere Menschen und Gruppen pr\u00e4gnanter wahrzunehmen.<\/p>\n<p>&nbsp;<\/p>\n<h5>Systemische Aufstellungen helfen dabei, Strukturen in Gruppen f\u00fchl- und erlebbar zu machen.<\/h5>\n<p>&nbsp;<\/p>\n<p>Die Welt, in der wir leben, ist bestimmt von bindenden Strukturen, Pr\u00e4gungen und Einfl\u00fcssen von Aussen. Oft f\u00fchlen wir uns in diesen Strukturen nicht wohl. Oft f\u00fchren einem innere Konflikte zu Personen oder bestimmten Themen immer wieder \u2013 oft auch unerkl\u00e4rlicherweise \u2013 in gleiche Situationen oder innere Schwierigkeiten, obwohl man diese nicht mehr will. Seelenaufstellungen (Gauri Gatha) hilft, diese seelischen Bindungen sp\u00fcrbar und erfahrbar zu machen und zu l\u00f6sen. Daraus kann innerer Frieden und Freiheit und Harmonie mit sich und dem Umfeld entstehen. Frieden und Freiheit bestimmt danach vermehrt die Handlungen und Beziehungen und der Umgang mit Menschen und Situationen wird freier und ungezwungener.<\/p>\n<p>&nbsp;<\/p>\n<p>&nbsp;<\/p>\n","protected":false},"excerpt":{"rendered":"<p>Coaching &#8211; Das Herz in der Wirtschaft &nbsp; &nbsp; Oft ist es schwierig, im L\u00e4rm und der Hetze des Alltags die innere Stimme im Herzen wahrzunehmen. Oft reagiert man automatisch und diese Automatismen bewirken oft, dass die innere Stimme im Herzen zu kurz kommt. &nbsp; Die innere Stimme im Herzen&#8230;<\/p>\n<p class=\"continue-reading-button\"> <a class=\"continue-reading-link\" href=\"https:\/\/bw.brandan.ch\/?page_id=25\">Weiter lesen<i class=\"crycon-right-dir\"><\/i><\/a><\/p>\n","protected":false},"author":1,"featured_media":0,"parent":0,"menu_order":0,"comment_status":"closed","ping_status":"closed","template":"","meta":{"footnotes":""},"class_list":["post-25","page","type-page","status-publish","hentry"],"_links":{"self":[{"href":"https:\/\/bw.brandan.ch\/index.php?rest_route=\/wp\/v2\/pages\/25","targetHints":{"allow":["GET"]}}],"collection":[{"href":"https:\/\/bw.brandan.ch\/index.php?rest_route=\/wp\/v2\/pages"}],"about":[{"href":"https:\/\/bw.brandan.ch\/index.php?rest_route=\/wp\/v2\/types\/page"}],"author":[{"embeddable":true,"href":"https:\/\/bw.brandan.ch\/index.php?rest_route=\/wp\/v2\/users\/1"}],"replies":[{"embeddable":true,"href":"https:\/\/bw.brandan.ch\/index.php?rest_route=%2Fwp%2Fv2%2Fcomments&post=25"}],"version-history":[{"count":20,"href":"https:\/\/bw.brandan.ch\/index.php?rest_route=\/wp\/v2\/pages\/25\/revisions"}],"predecessor-version":[{"id":243,"href":"https:\/\/bw.brandan.ch\/index.php?rest_route=\/wp\/v2\/pages\/25\/revisions\/243"}],"wp:attachment":[{"href":"https:\/\/bw.brandan.ch\/index.php?rest_route=%2Fwp%2Fv2%2Fmedia&parent=25"}],"curies":[{"name":"wp","href":"https:\/\/api.w.org\/{rel}","templated":true}]}}