{"id":246,"date":"2026-04-09T05:06:53","date_gmt":"2026-04-09T05:06:53","guid":{"rendered":"https:\/\/bw.brandan.ch\/?page_id=246"},"modified":"2026-04-09T05:08:35","modified_gmt":"2026-04-09T05:08:35","slug":"persoenliches","status":"publish","type":"page","link":"https:\/\/bw.brandan.ch\/?page_id=246","title":{"rendered":"Pers\u00f6nliches"},"content":{"rendered":"<h1><img loading=\"lazy\" decoding=\"async\" class=\"alignleft\" src=\"https:\/\/www.brandan.ch\/bilder\/brandan_1.jpg\" width=\"202\" height=\"166\" \/>Pers\u00f6nliches<\/h1>\n<p>&nbsp;<\/p>\n<p>Ich bin Jahrgang 1960.<\/p>\n<p>&nbsp;<\/p>\n<p>Nach 20 Jahren betriebswirtschaftlicher T\u00e4tigkeit habe ich mich vermehrt meiner Berufung Menschen in ihrem Sein zu unterst\u00fctzen zugewandt. Ich habe entsprechende Grundlagen-Seminare laufend erg\u00e4nzende Seminare und Workshops besucht. Seitdem kombiniere ich meine energetische und betriebswirtschaftliche Aktivit\u00e4t.<\/p>\n<p>&nbsp;<\/p>\n<h4>Ausbildungen<\/h4>\n<p>&nbsp;<\/p>\n<p>dipl Buchhalter\/Controller<\/p>\n<p>Insha Heilmethoden (geisitges Heilen)<\/p>\n<p>Alpha Chi Consultant (Feng Shui \/ Raum-Akupunktur)<\/p>\n<p>Gauri Gatha (systemische Aufstellungen)<\/p>\n<p>laufend erg\u00e4nzende Workshops<\/p>\n<p>&nbsp;<\/p>\n<p>&nbsp;<\/p>\n<h4>Hobbies<\/h4>\n<p>&nbsp;<\/p>\n<p>Radfahren, Natur geniessen, Schach<\/p>\n","protected":false},"excerpt":{"rendered":"<p>Pers\u00f6nliches &nbsp; Ich bin Jahrgang 1960. &nbsp; Nach 20 Jahren betriebswirtschaftlicher T\u00e4tigkeit habe ich mich vermehrt meiner Berufung Menschen in ihrem Sein zu unterst\u00fctzen zugewandt. Ich habe entsprechende Grundlagen-Seminare laufend erg\u00e4nzende Seminare und Workshops besucht. Seitdem kombiniere ich meine energetische und betriebswirtschaftliche Aktivit\u00e4t. &nbsp; Ausbildungen &nbsp; dipl Buchhalter\/Controller Insha Heilmethoden&#8230;<\/p>\n<p class=\"continue-reading-button\"> <a class=\"continue-reading-link\" href=\"https:\/\/bw.brandan.ch\/?page_id=246\">Weiter lesen<i class=\"crycon-right-dir\"><\/i><\/a><\/p>\n","protected":false},"author":1,"featured_media":0,"parent":0,"menu_order":0,"comment_status":"closed","ping_status":"closed","template":"","meta":{"footnotes":""},"class_list":["post-246","page","type-page","status-publish","hentry"],"_links":{"self":[{"href":"https:\/\/bw.brandan.ch\/index.php?rest_route=\/wp\/v2\/pages\/246","targetHints":{"allow":["GET"]}}],"collection":[{"href":"https:\/\/bw.brandan.ch\/index.php?rest_route=\/wp\/v2\/pages"}],"about":[{"href":"https:\/\/bw.brandan.ch\/index.php?rest_route=\/wp\/v2\/types\/page"}],"author":[{"embeddable":true,"href":"https:\/\/bw.brandan.ch\/index.php?rest_route=\/wp\/v2\/users\/1"}],"replies":[{"embeddable":true,"href":"https:\/\/bw.brandan.ch\/index.php?rest_route=%2Fwp%2Fv2%2Fcomments&post=246"}],"version-history":[{"count":2,"href":"https:\/\/bw.brandan.ch\/index.php?rest_route=\/wp\/v2\/pages\/246\/revisions"}],"predecessor-version":[{"id":249,"href":"https:\/\/bw.brandan.ch\/index.php?rest_route=\/wp\/v2\/pages\/246\/revisions\/249"}],"wp:attachment":[{"href":"https:\/\/bw.brandan.ch\/index.php?rest_route=%2Fwp%2Fv2%2Fmedia&parent=246"}],"curies":[{"name":"wp","href":"https:\/\/api.w.org\/{rel}","templated":true}]}}